{"id":9183,"date":"2021-08-30T14:07:43","date_gmt":"2021-08-30T11:07:43","guid":{"rendered":"https:\/\/gardelina.md\/?post_type=product&#038;p=9183"},"modified":"2024-06-14T13:26:57","modified_gmt":"2024-06-14T10:26:57","slug":"ustrojstvo-elektricheskogo-ograzhdeniya-dl-3200-32-dzh-s-solnechnoj-sistemoj-30-vt","status":"publish","type":"product","link":"https:\/\/gardelina.md\/ro\/product\/ustrojstvo-elektricheskogo-ograzhdeniya-dl-3200-32-dzh-s-solnechnoj-sistemoj-30-vt\/","title":{"rendered":"Aparat gard electric DL 3200, 3,2 Joule, cu sistem solar 30 W"},"content":{"rendered":"<p><\/p>\n<h2>Detalii<\/h2>\n<div class=\"pp-content\">\n<p>Aparatul DL 3200 este alegerea perfect\u0103 pentru \u00eemprejmuirea sau \u021binerea la distan\u021b\u0103 a animalelor domestice sau s\u0103lbatice \u2013 c\u00e2ini, oi, capre, porci, cai, vaci, mistre\u021bi, c\u0103prioare, lupi, vulpi, ur\u0219i, etc.<\/p>\n<p>Aparatul DL\u00a03200 este destinat pentru \u00eemprejmuiri cu lungimea maxim\u0103 de 7000\u00a0m.<\/p>\n<p>Aparatul se poate alimenta de la un acumulator auto de 12\u00a0V (max. 70\u00a0Ah, neinclus \u00een pachet). Acumulatorul se re\u00eencarc\u0103 automat prin sistemul solar inclus, a\u0219adar nu ave\u021bi nevoie de \u00eenc\u0103rcarea separat\u0103 a acumulatorului. Energia furnizat\u0103 de panoul solar asigur\u0103 func\u021bionarea sistemului non-stop \u00een orice anotimp.<\/p>\n<p>Sistemul solar este furnizat par\u021bial asamblat. Punerea \u00een func\u021biune este destul de u\u0219oar\u0103: panoul solar se a\u0219eaz\u0103 spre sud, \u00eenclinat \u00een 45 grade. Se poate fixa prin intermediul orificiilor aflate pe chenarul de aluminiu. Panoul solar poate fi utilizat drept acoperi\u0219 pentru aparatul de gard electric \u0219i regulatorul de \u00eenc\u0103rcare.<\/p>\n<p>Garan\u021bie: aparat gard electric 2\u00a0ani, sistem solar: 1\u00a0an.<\/p>\n<p>ATEN\u021aIE!<\/p>\n<ul>\n<li>Generatorul de impulsuri \u0219i regulatorul de \u00eenc\u0103rcare se monteaz\u0103 \u00eentr-un loc ferit de umezeal\u0103 (ploaie, z\u0103pad\u0103)!<\/li>\n<li>A nu se porni sistemul f\u0103r\u0103 acumulatorul conectat!<\/li>\n<li>Pentru a opri sistemul, acoperi\u021bi panoul solar, apoi deconecta\u021bi aparatul de la acumulator.<\/li>\n<\/ul>\n<h3>Indicatoare luminoase<\/h3>\n<div class=\"float-right maxw200 pl15\"><\/div>\n<p>Aparatul este dotat cu LED-uri pentru verificarea aliment\u0103rii. LED-ul verde confirm\u0103 prezen\u021ba tensiunii. Dac\u0103 tensiunea de alimentare scade sub 10,5 V (\u00een cazul \u00een care acumulatorul se descarc\u0103), se aprinde LED-ul ro\u0219u.<\/p>\n<div class=\"clearfix\"><\/div>\n<h3>Con\u021binutul pachetului<\/h3>\n<ul>\n<li><a href=\"https:\/\/www.agroelectro.ro\/ro\/produs\/aparat-gard-electric-dl-3200-12-v-3-2-joule\">Aparat gard electric DL\u00a03200, 12\u00a0V, 3,2\u00a0Joule<\/a>\u00a0&#8211; 1\u00a0buc.<\/li>\n<li><a href=\"https:\/\/www.agroelectro.ro\/ro\/produs\/cablu-conexiune-aparat-gard-electric-acumulator-2\">Set cablu de alimentare<\/a>\u00a0(conexiune acumulator \u2013 aparat gard electric) &#8211; 1 set.<\/li>\n<li><a href=\"https:\/\/www.agroelectro.ro\/ro\/produs\/cablu-conexiune-aparat-gard-electric-gard-impamantare\">Set cablu de conexiune aparat \u2013 gard electric + aparat \u2013 \u00eemp\u0103m\u00e2ntare<\/a>\u00a0&#8211; 1 set.<\/li>\n<li>Set\u00a0<a href=\"https:\/\/www.agroelectro.ro\/ro\/produs\/panou-solar-monocristalin-30-w-cu-regulator-de-reincarcare\">Panou solar 30\u00a0W + regulator de \u00eenc\u0103rcare PWM\u00a010\u00a0A<\/a>\u00a0&#8211; 1\u00a0set, par\u021bial asamblat. Lungime cabluri: regulator\u2013acumulator: 1\u00a0m, regulator\u2013panou solar: 5\u00a0m).<\/li>\n<\/ul>\n<p>Aten\u021bie: pachetul NU con\u021bine:<\/p>\n<ul>\n<li>Acumulator auto;<\/li>\n<li>Bar\u0103 de \u00eemp\u0103m\u00e2ntare.<\/li>\n<li>Accesoriile necesare pentru un gard electric complet (fir, izolatori, poart\u0103, st\u00e2lpi, etc.).<\/li>\n<\/ul>\n<h3>Specifica\u021bii generator de impulsuri<\/h3>\n<table class=\"table table-condensed table-striped\">\n<tbody>\n<tr>\n<td>Tensiunea de alimentare<\/td>\n<td>12\u00a0V<\/td>\n<\/tr>\n<tr>\n<td>Consum<\/td>\n<td>110\u00a0mA<\/td>\n<\/tr>\n<tr>\n<td>Tensiune maxim\u0103 de ie\u0219ire<\/td>\n<td>12000\u00a0V<\/td>\n<\/tr>\n<tr>\n<td>Tensiune maxim\u0103 de ie\u0219ire pe o sarcin\u0103 de 500\u00a0\u03a9<\/td>\n<td>7600\u00a0V<\/td>\n<\/tr>\n<tr>\n<td>Lungime maxim\u0103 \u00eemprejmuire practic\u0103<\/td>\n<td>7000\u00a0m<\/td>\n<\/tr>\n<tr>\n<td>Energie maxim\u0103 stocat\u0103<\/td>\n<td>4,16\u00a0Joule<\/td>\n<\/tr>\n<tr>\n<td>Energie maxim\u0103 impuls<\/td>\n<td>3,2\u00a0Joule<\/td>\n<\/tr>\n<tr>\n<td>Clasa de protec\u021bie<\/td>\n<td>II<\/td>\n<\/tr>\n<tr>\n<td>Grad protec\u021bie<\/td>\n<td>IPX4<\/td>\n<\/tr>\n<tr>\n<td>Material cutie<\/td>\n<td>Plastic<\/td>\n<\/tr>\n<tr>\n<td>Dimensiuni<\/td>\n<td>210\u00a0\u00d7\u00a0267\u00a0\u00d7\u00a0100 mm<\/td>\n<\/tr>\n<tr>\n<td>Greutate<\/td>\n<td>1,75\u00a0kg<\/td>\n<\/tr>\n<\/tbody>\n<\/table>\n<h3>Specifica\u021bii panou solar 30 W<\/h3>\n<table class=\"table table-condensed table-striped\">\n<tbody>\n<tr>\n<td>Tip celule<\/td>\n<td>Monocristalin<\/td>\n<\/tr>\n<tr>\n<td>Curent maxim<\/td>\n<td>1,67\u00a0A<\/td>\n<\/tr>\n<tr>\n<td>Putere maxim\u0103<\/td>\n<td>30\u00a0W<\/td>\n<\/tr>\n<tr>\n<td>Dimensiuni<\/td>\n<td>620\u00a0\u00d7\u00a0355\u00a0\u00d7\u00a030\u00a0mm<\/td>\n<\/tr>\n<tr>\n<td>I<sub>SC<\/sub><\/td>\n<td>1,79\u00a0A<\/td>\n<\/tr>\n<tr>\n<td>V<sub>OC<\/sub><\/td>\n<td>22,1\u00a0V<\/td>\n<\/tr>\n<tr>\n<td>V<sub>MP<\/sub><\/td>\n<td>18\u00a0V<\/td>\n<\/tr>\n<\/tbody>\n<\/table>\n<h3>Specifica\u021bii regulator de \u00eenc\u0103rcare PWM\u00a010\u00a0A<\/h3>\n<table class=\"table table-condensed table-striped\">\n<tbody>\n<tr>\n<td>Putere<\/td>\n<td>10 A<\/td>\n<\/tr>\n<tr>\n<td>Detecteaz\u0103 automat tensiunea de lucru<\/td>\n<td>12\/24 V<\/td>\n<\/tr>\n<tr>\n<td>Inc\u0103rcare egalizare voltaj<\/td>\n<td>12\/24 V<\/td>\n<\/tr>\n<tr>\n<td>Inc\u0103rcare boost voltaj<\/td>\n<td>14,4 V<\/td>\n<\/tr>\n<tr>\n<td>Inc\u0103rcare float<\/td>\n<td>13,6 V<\/td>\n<\/tr>\n<tr>\n<td>Accept\u0103 cabluri de conexiune<\/td>\n<td>2,5 mm<\/td>\n<\/tr>\n<tr>\n<td>Greutate<\/td>\n<td>0,25 kg<\/td>\n<\/tr>\n<tr>\n<td>Dimensiuni<\/td>\n<td>14 \u00d7 9 \u00d7 3 cm<\/td>\n<\/tr>\n<tr>\n<td>Temperatura de func\u021bionare<\/td>\n<td>\u201320&#8230;+60 C \u00b0<\/td>\n<\/tr>\n<\/tbody>\n<\/table>\n<\/div>\n<p><\/p>","protected":false},"excerpt":{"rendered":"<p>Detalii Aparatul DL 3200 este alegerea perfect\u0103 pentru \u00eemprejmuirea sau \u021binerea la distan\u021b\u0103 a animalelor domestice sau s\u0103lbatice \u2013 c\u00e2ini, oi, capre, porci, cai, vaci, mistre\u021bi, c\u0103prioare, lupi, vulpi, ur\u0219i, etc. Aparatul DL\u00a03200 este destinat pentru \u00eemprejmuiri cu lungimea maxim\u0103 de 7000\u00a0m. Aparatul se poate alimenta de la un acumulator auto de 12\u00a0V (max. 70\u00a0Ah, [&hellip;]<\/p>\n","protected":false},"featured_media":9184,"comment_status":"open","ping_status":"closed","template":"","meta":[],"product_cat":[99,97],"product_tag":[],"class_list":["post-9183","product","type-product","status-publish","has-post-thumbnail","hentry","product_cat-generatoare-de-impulsuri","product_cat-fotoelektricheskie-sistemy"],"yoast_head":"<!-- This site is optimized with the Yoast SEO Premium plugin v18.1 (Yoast SEO v21.1) - https:\/\/yoast.com\/wordpress\/plugins\/seo\/ -->\n<title>Aparat gard electric DL 3200, 3,2 Joule, cu sistem solar 30 W - Gardelina<\/title>\n<meta name=\"robots\" content=\"index, follow, max-snippet:-1, max-image-preview:large, max-video-preview:-1\" \/>\n<link rel=\"canonical\" href=\"https:\/\/gardelina.md\/product\/ustrojstvo-elektricheskogo-ograzhdeniya-dl-3200-32-dzh-s-solnechnoj-sistemoj-30-vt\/\" \/>\n<meta property=\"og:locale\" content=\"ro_RO\" \/>\n<meta property=\"og:type\" content=\"article\" \/>\n<meta property=\"og:title\" content=\"[:ru]\u0423\u0441\u0442\u0440\u043e\u0439\u0441\u0442\u0432\u043e \u044d\u043b\u0435\u043a\u0442\u0440\u0438\u0447\u0435\u0441\u043a\u043e\u0433\u043e \u043e\u0433\u0440\u0430\u0436\u0434\u0435\u043d\u0438\u044f DL 3200, 3,2 \u0414\u0436, \u0441 \u0441\u043e\u043b\u043d\u0435\u0447\u043d\u043e\u0439 \u0441\u0438\u0441\u0442\u0435\u043c\u043e\u0439 30 \u0412\u0442[:ro]Aparat gard electric DL 3200, 3,2 Joule, cu sistem solar 30 W[:]\" \/>\n<meta property=\"og:description\" content=\"Detalii Aparatul DL 3200 este alegerea perfect\u0103 pentru \u00eemprejmuirea sau \u021binerea la distan\u021b\u0103 a animalelor domestice sau s\u0103lbatice \u2013 c\u00e2ini, oi, capre, porci, cai, vaci, mistre\u021bi, c\u0103prioare, lupi, vulpi, ur\u0219i, etc. Aparatul DL\u00a03200 este destinat pentru \u00eemprejmuiri cu lungimea maxim\u0103 de 7000\u00a0m. Aparatul se poate alimenta de la un acumulator auto de 12\u00a0V (max. 70\u00a0Ah, [&hellip;]\" \/>\n<meta property=\"og:url\" content=\"https:\/\/gardelina.md\/product\/ustrojstvo-elektricheskogo-ograzhdeniya-dl-3200-32-dzh-s-solnechnoj-sistemoj-30-vt\/\" \/>\n<meta property=\"og:site_name\" content=\"Gardelina\" \/>\n<meta property=\"article:modified_time\" content=\"2024-06-14T10:26:57+00:00\" \/>\n<meta property=\"og:image\" content=\"https:\/\/gardelina.md\/wp-content\/uploads\/2021\/08\/1093-aparat-gard-electric-dl-3200-3-2-joule-cu-sistem-solar-30-w-1.jpg\" \/>\n\t<meta property=\"og:image:width\" content=\"1200\" \/>\n\t<meta property=\"og:image:height\" content=\"1200\" \/>\n\t<meta property=\"og:image:type\" content=\"image\/jpeg\" \/>\n<meta name=\"twitter:card\" content=\"summary_large_image\" \/>\n<meta name=\"twitter:label1\" content=\"Timp estimat pentru citire\" \/>\n\t<meta name=\"twitter:data1\" content=\"3 minute\" \/>\n<script type=\"application\/ld+json\" class=\"yoast-schema-graph\">{\"@context\":\"https:\/\/schema.org\",\"@graph\":[{\"@type\":\"WebPage\",\"@id\":\"https:\/\/gardelina.md\/product\/ustrojstvo-elektricheskogo-ograzhdeniya-dl-3200-32-dzh-s-solnechnoj-sistemoj-30-vt\/\",\"url\":\"https:\/\/gardelina.md\/product\/ustrojstvo-elektricheskogo-ograzhdeniya-dl-3200-32-dzh-s-solnechnoj-sistemoj-30-vt\/\",\"name\":\"[:ru]\u0423\u0441\u0442\u0440\u043e\u0439\u0441\u0442\u0432\u043e \u044d\u043b\u0435\u043a\u0442\u0440\u0438\u0447\u0435\u0441\u043a\u043e\u0433\u043e \u043e\u0433\u0440\u0430\u0436\u0434\u0435\u043d\u0438\u044f DL 3200, 3,2 \u0414\u0436, \u0441 \u0441\u043e\u043b\u043d\u0435\u0447\u043d\u043e\u0439 \u0441\u0438\u0441\u0442\u0435\u043c\u043e\u0439 30 \u0412\u0442[:ro]Aparat gard electric DL 3200, 3,2 Joule, cu sistem solar 30 W[:] - Gardelina\",\"isPartOf\":{\"@id\":\"https:\/\/gardelina.md\/#website\"},\"datePublished\":\"2021-08-30T11:07:43+00:00\",\"dateModified\":\"2024-06-14T10:26:57+00:00\",\"breadcrumb\":{\"@id\":\"https:\/\/gardelina.md\/product\/ustrojstvo-elektricheskogo-ograzhdeniya-dl-3200-32-dzh-s-solnechnoj-sistemoj-30-vt\/#breadcrumb\"},\"inLanguage\":\"ro-RO\",\"potentialAction\":[{\"@type\":\"ReadAction\",\"target\":[\"https:\/\/gardelina.md\/product\/ustrojstvo-elektricheskogo-ograzhdeniya-dl-3200-32-dzh-s-solnechnoj-sistemoj-30-vt\/\"]}]},{\"@type\":\"BreadcrumbList\",\"@id\":\"https:\/\/gardelina.md\/product\/ustrojstvo-elektricheskogo-ograzhdeniya-dl-3200-32-dzh-s-solnechnoj-sistemoj-30-vt\/#breadcrumb\",\"itemListElement\":[{\"@type\":\"ListItem\",\"position\":1,\"name\":\"\u0413\u043b\u0430\u0432\u043d\u0430\u044f \u0441\u0442\u0440\u0430\u043d\u0438\u0446\u0430\",\"item\":\"https:\/\/gardelina.md\/\"},{\"@type\":\"ListItem\",\"position\":2,\"name\":\"Catalog\",\"item\":\"https:\/\/gardelina.md\/shop\/\"},{\"@type\":\"ListItem\",\"position\":3,\"name\":\"Aparat gard electric DL 3200, 3,2 Joule, cu sistem solar 30 W\"}]},{\"@type\":\"WebSite\",\"@id\":\"https:\/\/gardelina.md\/#website\",\"url\":\"https:\/\/gardelina.md\/\",\"name\":\"Gardelina\",\"description\":\"\",\"potentialAction\":[{\"@type\":\"SearchAction\",\"target\":{\"@type\":\"EntryPoint\",\"urlTemplate\":\"https:\/\/gardelina.md\/?s={search_term_string}\"},\"query-input\":\"required name=search_term_string\"}],\"inLanguage\":\"ro-RO\"}]}<\/script>\n<!-- \/ Yoast SEO Premium plugin. -->","yoast_head_json":{"title":"[:ru]\u0423\u0441\u0442\u0440\u043e\u0439\u0441\u0442\u0432\u043e \u044d\u043b\u0435\u043a\u0442\u0440\u0438\u0447\u0435\u0441\u043a\u043e\u0433\u043e \u043e\u0433\u0440\u0430\u0436\u0434\u0435\u043d\u0438\u044f DL 3200, 3,2 \u0414\u0436, \u0441 \u0441\u043e\u043b\u043d\u0435\u0447\u043d\u043e\u0439 \u0441\u0438\u0441\u0442\u0435\u043c\u043e\u0439 30 \u0412\u0442[:ro]Aparat gard electric DL 3200, 3,2 Joule, cu sistem solar 30 W[:] - Gardelina","robots":{"index":"index","follow":"follow","max-snippet":"max-snippet:-1","max-image-preview":"max-image-preview:large","max-video-preview":"max-video-preview:-1"},"canonical":"https:\/\/gardelina.md\/product\/ustrojstvo-elektricheskogo-ograzhdeniya-dl-3200-32-dzh-s-solnechnoj-sistemoj-30-vt\/","og_locale":"ro_RO","og_type":"article","og_title":"[:ru]\u0423\u0441\u0442\u0440\u043e\u0439\u0441\u0442\u0432\u043e \u044d\u043b\u0435\u043a\u0442\u0440\u0438\u0447\u0435\u0441\u043a\u043e\u0433\u043e \u043e\u0433\u0440\u0430\u0436\u0434\u0435\u043d\u0438\u044f DL 3200, 3,2 \u0414\u0436, \u0441 \u0441\u043e\u043b\u043d\u0435\u0447\u043d\u043e\u0439 \u0441\u0438\u0441\u0442\u0435\u043c\u043e\u0439 30 \u0412\u0442[:ro]Aparat gard electric DL 3200, 3,2 Joule, cu sistem solar 30 W[:]","og_description":"Detalii Aparatul DL 3200 este alegerea perfect\u0103 pentru \u00eemprejmuirea sau \u021binerea la distan\u021b\u0103 a animalelor domestice sau s\u0103lbatice \u2013 c\u00e2ini, oi, capre, porci, cai, vaci, mistre\u021bi, c\u0103prioare, lupi, vulpi, ur\u0219i, etc. Aparatul DL\u00a03200 este destinat pentru \u00eemprejmuiri cu lungimea maxim\u0103 de 7000\u00a0m. Aparatul se poate alimenta de la un acumulator auto de 12\u00a0V (max. 70\u00a0Ah, [&hellip;]","og_url":"https:\/\/gardelina.md\/product\/ustrojstvo-elektricheskogo-ograzhdeniya-dl-3200-32-dzh-s-solnechnoj-sistemoj-30-vt\/","og_site_name":"Gardelina","article_modified_time":"2024-06-14T10:26:57+00:00","og_image":[{"width":1200,"height":1200,"url":"https:\/\/gardelina.md\/wp-content\/uploads\/2021\/08\/1093-aparat-gard-electric-dl-3200-3-2-joule-cu-sistem-solar-30-w-1.jpg","type":"image\/jpeg"}],"twitter_card":"summary_large_image","twitter_misc":{"Timp estimat pentru citire":"3 minute"},"schema":{"@context":"https:\/\/schema.org","@graph":[{"@type":"WebPage","@id":"https:\/\/gardelina.md\/product\/ustrojstvo-elektricheskogo-ograzhdeniya-dl-3200-32-dzh-s-solnechnoj-sistemoj-30-vt\/","url":"https:\/\/gardelina.md\/product\/ustrojstvo-elektricheskogo-ograzhdeniya-dl-3200-32-dzh-s-solnechnoj-sistemoj-30-vt\/","name":"[:ru]\u0423\u0441\u0442\u0440\u043e\u0439\u0441\u0442\u0432\u043e \u044d\u043b\u0435\u043a\u0442\u0440\u0438\u0447\u0435\u0441\u043a\u043e\u0433\u043e \u043e\u0433\u0440\u0430\u0436\u0434\u0435\u043d\u0438\u044f DL 3200, 3,2 \u0414\u0436, \u0441 \u0441\u043e\u043b\u043d\u0435\u0447\u043d\u043e\u0439 \u0441\u0438\u0441\u0442\u0435\u043c\u043e\u0439 30 \u0412\u0442[:ro]Aparat gard electric DL 3200, 3,2 Joule, cu sistem solar 30 W[:] - Gardelina","isPartOf":{"@id":"https:\/\/gardelina.md\/#website"},"datePublished":"2021-08-30T11:07:43+00:00","dateModified":"2024-06-14T10:26:57+00:00","breadcrumb":{"@id":"https:\/\/gardelina.md\/product\/ustrojstvo-elektricheskogo-ograzhdeniya-dl-3200-32-dzh-s-solnechnoj-sistemoj-30-vt\/#breadcrumb"},"inLanguage":"ro-RO","potentialAction":[{"@type":"ReadAction","target":["https:\/\/gardelina.md\/product\/ustrojstvo-elektricheskogo-ograzhdeniya-dl-3200-32-dzh-s-solnechnoj-sistemoj-30-vt\/"]}]},{"@type":"BreadcrumbList","@id":"https:\/\/gardelina.md\/product\/ustrojstvo-elektricheskogo-ograzhdeniya-dl-3200-32-dzh-s-solnechnoj-sistemoj-30-vt\/#breadcrumb","itemListElement":[{"@type":"ListItem","position":1,"name":"\u0413\u043b\u0430\u0432\u043d\u0430\u044f \u0441\u0442\u0440\u0430\u043d\u0438\u0446\u0430","item":"https:\/\/gardelina.md\/"},{"@type":"ListItem","position":2,"name":"Catalog","item":"https:\/\/gardelina.md\/shop\/"},{"@type":"ListItem","position":3,"name":"Aparat gard electric DL 3200, 3,2 Joule, cu sistem solar 30 W"}]},{"@type":"WebSite","@id":"https:\/\/gardelina.md\/#website","url":"https:\/\/gardelina.md\/","name":"Gardelina","description":"","potentialAction":[{"@type":"SearchAction","target":{"@type":"EntryPoint","urlTemplate":"https:\/\/gardelina.md\/?s={search_term_string}"},"query-input":"required name=search_term_string"}],"inLanguage":"ro-RO"}]}},"_links":{"self":[{"href":"https:\/\/gardelina.md\/ro\/wp-json\/wp\/v2\/product\/9183","targetHints":{"allow":["GET"]}}],"collection":[{"href":"https:\/\/gardelina.md\/ro\/wp-json\/wp\/v2\/product"}],"about":[{"href":"https:\/\/gardelina.md\/ro\/wp-json\/wp\/v2\/types\/product"}],"replies":[{"embeddable":true,"href":"https:\/\/gardelina.md\/ro\/wp-json\/wp\/v2\/comments?post=9183"}],"wp:featuredmedia":[{"embeddable":true,"href":"https:\/\/gardelina.md\/ro\/wp-json\/wp\/v2\/media\/9184"}],"wp:attachment":[{"href":"https:\/\/gardelina.md\/ro\/wp-json\/wp\/v2\/media?parent=9183"}],"wp:term":[{"taxonomy":"product_cat","embeddable":true,"href":"https:\/\/gardelina.md\/ro\/wp-json\/wp\/v2\/product_cat?post=9183"},{"taxonomy":"product_tag","embeddable":true,"href":"https:\/\/gardelina.md\/ro\/wp-json\/wp\/v2\/product_tag?post=9183"}],"curies":[{"name":"wp","href":"https:\/\/api.w.org\/{rel}","templated":true}]}}